{"id":1044,"date":"2022-09-15T14:36:46","date_gmt":"2022-09-15T14:36:46","guid":{"rendered":"https:\/\/musex.pt\/?page_id=1044"},"modified":"2022-09-15T14:39:36","modified_gmt":"2022-09-15T14:39:36","slug":"servico-educativo-confirmacao","status":"publish","type":"page","link":"https:\/\/musex.pt\/en\/servico-educativo-confirmacao\/","title":{"rendered":"Servi\u00e7o Educativo Confirma\u00e7\u00e3o"},"content":{"rendered":"","protected":false},"excerpt":{"rendered":"","protected":false},"author":2,"featured_media":0,"parent":0,"menu_order":0,"comment_status":"closed","ping_status":"closed","template":"page-template-geral.php","meta":{"inline_featured_image":false,"footnotes":""},"class_list":["post-1044","page","type-page","status-publish","hentry"],"acf":[],"_links":{"self":[{"href":"https:\/\/musex.pt\/en\/wp-json\/wp\/v2\/pages\/1044","targetHints":{"allow":["GET"]}}],"collection":[{"href":"https:\/\/musex.pt\/en\/wp-json\/wp\/v2\/pages"}],"about":[{"href":"https:\/\/musex.pt\/en\/wp-json\/wp\/v2\/types\/page"}],"author":[{"embeddable":true,"href":"https:\/\/musex.pt\/en\/wp-json\/wp\/v2\/users\/2"}],"replies":[{"embeddable":true,"href":"https:\/\/musex.pt\/en\/wp-json\/wp\/v2\/comments?post=1044"}],"version-history":[{"count":6,"href":"https:\/\/musex.pt\/en\/wp-json\/wp\/v2\/pages\/1044\/revisions"}],"predecessor-version":[{"id":1050,"href":"https:\/\/musex.pt\/en\/wp-json\/wp\/v2\/pages\/1044\/revisions\/1050"}],"wp:attachment":[{"href":"https:\/\/musex.pt\/en\/wp-json\/wp\/v2\/media?parent=1044"}],"curies":[{"name":"wp","href":"https:\/\/api.w.org\/{rel}","templated":true}]}}